{"id":727,"date":"2024-11-18T23:01:58","date_gmt":"2024-11-18T22:01:58","guid":{"rendered":"http:\/\/kapusta.etnomuzeum.pl\/?page_id=727"},"modified":"2024-11-26T21:03:29","modified_gmt":"2024-11-26T20:03:29","slug":"literature","status":"publish","type":"page","link":"http:\/\/kapusta.etnomuzeum.pl\/?page_id=727&lang=en","title":{"rendered":"Literature"},"content":{"rendered":"[vc_row type=&#8221;full_width_content&#8221; full_screen_row_position=&#8221;middle&#8221; column_margin=&#8221;default&#8221; column_direction=&#8221;default&#8221; column_direction_tablet=&#8221;default&#8221; column_direction_phone=&#8221;default&#8221; scene_position=&#8221;center&#8221; text_color=&#8221;dark&#8221; text_align=&#8221;left&#8221; row_border_radius=&#8221;none&#8221; row_border_radius_applies=&#8221;bg&#8221; overflow=&#8221;visible&#8221; overlay_strength=&#8221;0.3&#8243; gradient_direction=&#8221;left_to_right&#8221; shape_divider_position=&#8221;bottom&#8221; bg_image_animation=&#8221;none&#8221; gradient_type=&#8221;default&#8221; shape_type=&#8221;&#8221;][vc_column column_padding=&#8221;no-extra-padding&#8221; column_padding_tablet=&#8221;inherit&#8221; column_padding_phone=&#8221;inherit&#8221; column_padding_position=&#8221;all&#8221; column_element_direction_desktop=&#8221;default&#8221; column_element_spacing=&#8221;default&#8221; desktop_text_alignment=&#8221;default&#8221; tablet_text_alignment=&#8221;default&#8221; phone_text_alignment=&#8221;default&#8221; background_color_opacity=&#8221;1&#8243; background_hover_color_opacity=&#8221;1&#8243; column_backdrop_filter=&#8221;none&#8221; column_shadow=&#8221;none&#8221; column_border_radius=&#8221;none&#8221; column_link_target=&#8221;_self&#8221; column_position=&#8221;default&#8221; gradient_direction=&#8221;left_to_right&#8221; overlay_strength=&#8221;0.3&#8243; width=&#8221;1\/1&#8243; tablet_width_inherit=&#8221;default&#8221; animation_type=&#8221;default&#8221; bg_image_animation=&#8221;none&#8221; border_type=&#8221;simple&#8221; column_border_width=&#8221;none&#8221; column_border_style=&#8221;solid&#8221;][image_with_animation image_url=&#8221;876&#8243; image_size=&#8221;full&#8221; animation_type=&#8221;entrance&#8221; animation=&#8221;None&#8221; animation_movement_type=&#8221;transform_y&#8221; hover_animation=&#8221;none&#8221; alignment=&#8221;&#8221; border_radius=&#8221;none&#8221; box_shadow=&#8221;none&#8221; image_loading=&#8221;default&#8221; max_width=&#8221;100%&#8221; max_width_mobile=&#8221;default&#8221;][\/vc_column][\/vc_row][vc_row type=&#8221;full_width_background&#8221; full_screen_row_position=&#8221;middle&#8221; column_margin=&#8221;default&#8221; column_direction=&#8221;default&#8221; column_direction_tablet=&#8221;default&#8221; column_direction_phone=&#8221;default&#8221; bg_image=&#8221;558&#8243; bg_position=&#8221;center top&#8221; background_image_loading=&#8221;default&#8221; bg_repeat=&#8221;repeat&#8221; scene_position=&#8221;center&#8221; text_color=&#8221;dark&#8221; text_align=&#8221;left&#8221; row_border_radius=&#8221;none&#8221; row_border_radius_applies=&#8221;bg&#8221; overflow=&#8221;visible&#8221; overlay_strength=&#8221;0.3&#8243; gradient_direction=&#8221;left_to_right&#8221; shape_divider_position=&#8221;bottom&#8221; bg_image_animation=&#8221;none&#8221; gradient_type=&#8221;default&#8221; shape_type=&#8221;&#8221;][vc_column column_padding=&#8221;padding-10-percent&#8221; column_padding_tablet=&#8221;inherit&#8221; column_padding_phone=&#8221;inherit&#8221; column_padding_position=&#8221;left-right&#8221; column_element_direction_desktop=&#8221;default&#8221; column_element_spacing=&#8221;default&#8221; desktop_text_alignment=&#8221;default&#8221; tablet_text_alignment=&#8221;default&#8221; phone_text_alignment=&#8221;default&#8221; background_color_opacity=&#8221;1&#8243; background_hover_color_opacity=&#8221;1&#8243; column_backdrop_filter=&#8221;none&#8221; column_shadow=&#8221;none&#8221; column_border_radius=&#8221;none&#8221; column_link_target=&#8221;_self&#8221; column_position=&#8221;default&#8221; gradient_direction=&#8221;left_to_right&#8221; overlay_strength=&#8221;0.3&#8243; width=&#8221;1\/1&#8243; tablet_width_inherit=&#8221;default&#8221; animation_type=&#8221;default&#8221; bg_image_animation=&#8221;none&#8221; border_type=&#8221;simple&#8221; column_border_width=&#8221;none&#8221; column_border_style=&#8221;solid&#8221; column_padding_type=&#8221;default&#8221; gradient_type=&#8221;default&#8221;][divider line_type=&#8221;No Line&#8221; custom_height=&#8221;40&#8243;][vc_column_text css=&#8221;&#8221; text_direction=&#8221;default&#8221;]\n<h3 class=\"p1\" style=\"text-align: center;\"><span style=\"color: #e71158;\">Literature<\/span><\/h3>\n[\/vc_column_text][divider line_type=&#8221;No Line&#8221; custom_height=&#8221;10&#8243;][vc_column_text css=&#8221;&#8221; text_direction=&#8221;default&#8221;]\n<h5 class=\"p1\">Breyerowa Janina, <i>Kuchnia witaminowa<\/i>, Wydawnictwo Hygjena \u017bycia, Krak\u00f3w 1927.<\/h5>\n<h5 class=\"p1\">Gasik Anna, <i>Kapusta bia\u0142a<\/i>, Wydawnictwo WATRA, Warszawa 1984.<\/h5>\n<h5 class=\"p1\">Izdebska Janina, <i>Polska kuchnia i spi\u017carnia<\/i>, Nak\u0142adem i Drukiem M. Arcta, Warszawa 1905.<\/h5>\n<h5 class=\"p1\">Jac\u00f3rzy\u0144ski Bohdan, <i>Przetwory z warzyw i owoc\u00f3w ma\u0142o s\u0142odzone i bez cukru<\/i>, Wydawnictwo Sp\u00f3\u0142dzielcze, Warszawa 1982.<\/h5>\n<h5 class=\"p1\">Kalinowska Dorota, <i>Gzik, \u017cur i pra\u017cucha. Tradycje kuchni kujawskiej,<\/i> Muzeum Ziemi Kujawskiej i Dobrzy\u0144skiej, W\u0142oc\u0142awek 2014.<\/h5>\n<h5 class=\"p1\">Kisielewski Aleksander, <i>Przechadzki po polu i ogrodzie<\/i>, cz. 2, Nak\u0142adem autora wsp\u00f3lnie z ksi\u0119g. Sayfartha i Czajkowskiego, Lw\u00f3w 1870.<\/h5>\n<h5 class=\"p1\">Kluk Krzysztof, <i>Dykcyonarz ro\u015blinny<\/i>, t.1, Drukarnia Xsi\u0119\u017cy Piar\u00f3w, Warszawa 1805.<\/h5>\n<h5 class=\"p1\"><i>Kuchnia polska: niezb\u0119dny podr\u0119cznik dla kucharzy i gospody\u0144 wiejskich i miejskich<\/i>, Drukiem i nak\u0142adem Eernesta Lambecka, Toru\u0144 1901.<\/h5>\n<h5 class=\"p1\"><i>Kuchnia pomorska. 241 przepis\u00f3w<\/i>, red. Krystyna Puzdrowska, O\u015brodek Doradztwa Rolniczego Gda\u0144sk Lipce, Gda\u0144sk 1998.<\/h5>\n<h5 class=\"p1\">Le\u015bniewski Krzysztof, <i>Kuchnia pa\u0142ucka<\/i>, Wydawnictwo Gaj, Bydgoszcz 2016.<\/h5>\n<h5 class=\"p1\">Mering Andrzej, <i>Jak przetwarza\u0107 owoce i warzywa na potrzeby w\u0142asne<\/i>, Zwi\u0105zek Samopomocy Ch\u0142opskiej, Warszawa 1946.<\/h5>\n<h5 class=\"p1\">Michalik Gra\u017cyna, <i>Smaki Powi\u015bla,<\/i> DRUK Studio Siedem, Kwidzy\u0144 2012.<\/h5>\n<h5 class=\"p1\">Miernik Robert<i>, \u0141atwe i oszcz\u0119dne przetwory z owoc\u00f3w, warzyw i grzyb\u00f3w<\/i>, Pa\u0144stwowe Wydawnictwo Rolnicze i Le\u015bne, Warszawa 1956.<\/h5>\n<h5 class=\"p1\">Miernik Robert, <i>150 domowych przetwor\u00f3w z owoc\u00f3w, warzyw i grzyb\u00f3w,<\/i> Wydawnictwo Sp\u00f3\u0142dzielcze, Warszawa 1991.<\/h5>\n<h5 class=\"p1\"><i>Nauka gotowania do u\u017cytku ludu polskieg<\/i>o, Drukiem i Nak\u0142adem Wiktora Kulerskiego, Grudzi\u0105dz 1915.<\/h5>\n<h5 class=\"p1\">Ochorowicz Monatowa Maria, <i>Uniwersalna ksi\u0105\u017cka kucharska<\/i>, Nak\u0142adem Ksi\u0119garni Polskiej Bernarda Po\u0142onieckiego, Lw\u00f3w &#8211; Warszawa 1926.<\/h5>\n<h5 class=\"p1\">Olick Maria<i>, Maltych i grapa.<\/i> <i>Tradycja, specja\u0142y kuchni i inne ciekawostki z Bor\u00f3w Tucholskich, <\/i>Miejska Biblioteka Publiczna, Tuchola 2007.<\/h5>\n<h5 class=\"p1\">Przybylak Zbigniew, <i>Tradycyjna kuchnia pomorsko-wielkopolska czyli od poliwek i golc\u00f3w po okrasy i pierniki,<span class=\"Apple-converted-space\">\u00a0 <\/span><\/i>ZYSK i S-KA,<i> <\/i>Pozna\u0144 2005.<\/h5>\n<h5 class=\"p1\"><i>Przysmaki z Bor\u00f3w Tucholskich<\/i>, Lokalna Grupa Dzia\u0142ania Bory Tucholskie, Tuchola 2008.<\/h5>\n<h5 class=\"p1\">Pyszkowska Kazimiera, <i>Z dzia\u0142ki na st\u00f3\u0142 i do spi\u017carni<\/i>, Pa\u0144stwowe Wydawnictwo Rolnicze i Le\u015bne, Warszawa 1989.<\/h5>\n<h5 class=\"p1\">Snaglewska Barbara, Zahorska Irmina, <i>Potrawy staropolskie i regionalne<\/i>, Wydawnictwo Sp\u00f3\u0142dzielcze, Warszawa 1989.<\/h5>\n<h5 class=\"p1\">Stelmachowska Bo\u017cena<i>, Rok obrz\u0119dowy na Pomorzu<\/i>, Wydawnictwo Instytutu Ba\u0142tyckiego, Toru\u0144 1933.<\/h5>\n<h5 class=\"p1\">Szel\u0105gowska Gra\u017cyna, <i>Czem chata bogata tem rada. Tradycyjna kuchnia wiejska, komentarz do wystawy<\/i>, Muzeum Etnograficzne w Toruniu, Toru\u0144 2003.<\/h5>\n<h5 class=\"p2\">Szel\u0105gowska Gra\u017cyna, <i>Kuchnia z rodowodem. Potrawy i produkty woj. kujawsko-pomorskiego, <\/i>Muzeum Etnograficzne w Toruniu, Toru\u0144 2010.<\/h5>\n<h5 class=\"p1\">Szychowska-Boebel Barbara, <i>Lecznictwo ludowe na Kujawach,<\/i> Muzeum Etnograficzne w Toruniu, Toru\u0144 1972.<\/h5>\n<h5 class=\"p1\">Szymanderska Halina, <i>Wigilia,<\/i> Pr\u00f3szy\u0144ski i S-ka, Warszawa 2001.<\/h5>\n<h5 class=\"p1\">Wasilewski Artur, <i>Kulinaria \u017bu\u0142awskie,<\/i> Lokalna Grupa Dzia\u0142ania \u017bu\u0142awy i Mierzeja, brak roku wydania.<\/h5>\n<h5 class=\"p1\"><i>W kuchni i przy stole. Ksi\u00f3nzka o jesciu na Kociywiu<\/i>, Kociewski Kantor Edytorski, Tczew 2000.<\/h5>\n<h5 class=\"p1\">Strony internetowe:<br \/>\n<span class=\"s1\"><a href=\"https:\/\/stat.gov.pl\/obszary-tematyczne\/roczniki-statystyczne\/roczniki-statystyczne\/rocznik-statystyczny-rolnictwa-2023,6,17.html\">https:\/\/stat.gov.pl\/obszary-tematyczne\/roczniki-statystyczne\/roczniki-statystyczne\/rocznik-statystyczny-rolnictwa-2023,6,17.html<\/a><\/span><span class=\"s2\"><br \/>\n[dost\u0119p 1.09.2024]<\/span><\/h5>\n[\/vc_column_text][divider line_type=&#8221;No Line&#8221; custom_height=&#8221;150&#8243;][\/vc_column][\/vc_row]\n","protected":false},"excerpt":{"rendered":"<p>[vc_row type=&#8221;full_width_content&#8221; full_screen_row_position=&#8221;middle&#8221; column_margin=&#8221;default&#8221; column_direction=&#8221;default&#8221; column_direction_tablet=&#8221;default&#8221; column_direction_phone=&#8221;default&#8221; scene_position=&#8221;center&#8221; text_color=&#8221;dark&#8221; text_align=&#8221;left&#8221; row_border_radius=&#8221;none&#8221; row_border_radius_applies=&#8221;bg&#8221; overflow=&#8221;visible&#8221; overlay_strength=&#8221;0.3&#8243; gradient_direction=&#8221;left_to_right&#8221; shape_divider_position=&#8221;bottom&#8221; bg_image_animation=&#8221;none&#8221; gradient_type=&#8221;default&#8221; shape_type=&#8221;&#8221;][vc_column column_padding=&#8221;no-extra-padding&#8221; column_padding_tablet=&#8221;inherit&#8221; column_padding_phone=&#8221;inherit&#8221; column_padding_position=&#8221;all&#8221; column_element_direction_desktop=&#8221;default&#8221; column_element_spacing=&#8221;default&#8221; desktop_text_alignment=&#8221;default&#8221; tablet_text_alignment=&#8221;default&#8221; phone_text_alignment=&#8221;default&#8221; background_color_opacity=&#8221;1&#8243; background_hover_color_opacity=&#8221;1&#8243;&#8230;<\/p>\n","protected":false},"author":1,"featured_media":0,"parent":0,"menu_order":0,"comment_status":"closed","ping_status":"closed","template":"","meta":{"footnotes":""},"class_list":["post-727","page","type-page","status-publish"],"yoast_head":"<!-- This site is optimized with the Yoast SEO plugin v23.7 - https:\/\/yoast.com\/wordpress\/plugins\/seo\/ -->\n<title>Literature - Muzeum Etnograficzne im. Marii Znamierowskiej-Prufferowej w Toruniu.<\/title>\n<meta name=\"robots\" content=\"index, follow, max-snippet:-1, max-image-preview:large, max-video-preview:-1\" \/>\n<link rel=\"canonical\" href=\"http:\/\/kapusta.etnomuzeum.pl\/?page_id=727&lang=en\" \/>\n<meta property=\"og:locale\" content=\"en_US\" \/>\n<meta property=\"og:type\" content=\"article\" \/>\n<meta property=\"og:title\" content=\"Literature - Muzeum Etnograficzne im. Marii Znamierowskiej-Prufferowej w Toruniu.\" \/>\n<meta property=\"og:description\" content=\"[vc_row type=&#8221;full_width_content&#8221; full_screen_row_position=&#8221;middle&#8221; column_margin=&#8221;default&#8221; column_direction=&#8221;default&#8221; column_direction_tablet=&#8221;default&#8221; column_direction_phone=&#8221;default&#8221; scene_position=&#8221;center&#8221; text_color=&#8221;dark&#8221; text_align=&#8221;left&#8221; row_border_radius=&#8221;none&#8221; row_border_radius_applies=&#8221;bg&#8221; overflow=&#8221;visible&#8221; overlay_strength=&#8221;0.3&#8243; gradient_direction=&#8221;left_to_right&#8221; shape_divider_position=&#8221;bottom&#8221; bg_image_animation=&#8221;none&#8221; gradient_type=&#8221;default&#8221; shape_type=&#8221;&#8221;][vc_column column_padding=&#8221;no-extra-padding&#8221; column_padding_tablet=&#8221;inherit&#8221; column_padding_phone=&#8221;inherit&#8221; column_padding_position=&#8221;all&#8221; column_element_direction_desktop=&#8221;default&#8221; column_element_spacing=&#8221;default&#8221; desktop_text_alignment=&#8221;default&#8221; tablet_text_alignment=&#8221;default&#8221; phone_text_alignment=&#8221;default&#8221; background_color_opacity=&#8221;1&#8243; background_hover_color_opacity=&#8221;1&#8243;...\" \/>\n<meta property=\"og:url\" content=\"http:\/\/kapusta.etnomuzeum.pl\/?page_id=727&amp;lang=en\" \/>\n<meta property=\"og:site_name\" content=\"Muzeum Etnograficzne im. Marii Znamierowskiej-Prufferowej w Toruniu.\" \/>\n<meta property=\"article:modified_time\" content=\"2024-11-26T20:03:29+00:00\" \/>\n<meta name=\"twitter:card\" content=\"summary_large_image\" \/>\n<meta name=\"twitter:label1\" content=\"Est. reading time\" \/>\n\t<meta name=\"twitter:data1\" content=\"3 minutes\" \/>\n<script type=\"application\/ld+json\" class=\"yoast-schema-graph\">{\"@context\":\"https:\/\/schema.org\",\"@graph\":[{\"@type\":\"WebPage\",\"@id\":\"http:\/\/kapusta.etnomuzeum.pl\/?page_id=727&lang=en\",\"url\":\"http:\/\/kapusta.etnomuzeum.pl\/?page_id=727&lang=en\",\"name\":\"Literature - Muzeum Etnograficzne im. Marii Znamierowskiej-Prufferowej w Toruniu.\",\"isPartOf\":{\"@id\":\"http:\/\/kapusta.etnomuzeum.pl\/#website\"},\"datePublished\":\"2024-11-18T22:01:58+00:00\",\"dateModified\":\"2024-11-26T20:03:29+00:00\",\"breadcrumb\":{\"@id\":\"http:\/\/kapusta.etnomuzeum.pl\/?page_id=727&lang=en#breadcrumb\"},\"inLanguage\":\"en-US\",\"potentialAction\":[{\"@type\":\"ReadAction\",\"target\":[\"http:\/\/kapusta.etnomuzeum.pl\/?page_id=727&lang=en\"]}]},{\"@type\":\"BreadcrumbList\",\"@id\":\"http:\/\/kapusta.etnomuzeum.pl\/?page_id=727&lang=en#breadcrumb\",\"itemListElement\":[{\"@type\":\"ListItem\",\"position\":1,\"name\":\"Home\",\"item\":\"http:\/\/kapusta.etnomuzeum.pl\/\"},{\"@type\":\"ListItem\",\"position\":2,\"name\":\"Literature\"}]},{\"@type\":\"WebSite\",\"@id\":\"http:\/\/kapusta.etnomuzeum.pl\/#website\",\"url\":\"http:\/\/kapusta.etnomuzeum.pl\/\",\"name\":\"Muzeum Etnograficzne im. Marii Znamierowskiej-Prufferowej w Toruniu.\",\"description\":\"Dziedzictwo Niematerialne\/ Ulotne tradycje\",\"potentialAction\":[{\"@type\":\"SearchAction\",\"target\":{\"@type\":\"EntryPoint\",\"urlTemplate\":\"http:\/\/kapusta.etnomuzeum.pl\/?s={search_term_string}\"},\"query-input\":{\"@type\":\"PropertyValueSpecification\",\"valueRequired\":true,\"valueName\":\"search_term_string\"}}],\"inLanguage\":\"en-US\"}]}<\/script>\n<!-- \/ Yoast SEO plugin. -->","yoast_head_json":{"title":"Literature - Muzeum Etnograficzne im. Marii Znamierowskiej-Prufferowej w Toruniu.","robots":{"index":"index","follow":"follow","max-snippet":"max-snippet:-1","max-image-preview":"max-image-preview:large","max-video-preview":"max-video-preview:-1"},"canonical":"http:\/\/kapusta.etnomuzeum.pl\/?page_id=727&lang=en","og_locale":"en_US","og_type":"article","og_title":"Literature - Muzeum Etnograficzne im. Marii Znamierowskiej-Prufferowej w Toruniu.","og_description":"[vc_row type=&#8221;full_width_content&#8221; full_screen_row_position=&#8221;middle&#8221; column_margin=&#8221;default&#8221; column_direction=&#8221;default&#8221; column_direction_tablet=&#8221;default&#8221; column_direction_phone=&#8221;default&#8221; scene_position=&#8221;center&#8221; text_color=&#8221;dark&#8221; text_align=&#8221;left&#8221; row_border_radius=&#8221;none&#8221; row_border_radius_applies=&#8221;bg&#8221; overflow=&#8221;visible&#8221; overlay_strength=&#8221;0.3&#8243; gradient_direction=&#8221;left_to_right&#8221; shape_divider_position=&#8221;bottom&#8221; bg_image_animation=&#8221;none&#8221; gradient_type=&#8221;default&#8221; shape_type=&#8221;&#8221;][vc_column column_padding=&#8221;no-extra-padding&#8221; column_padding_tablet=&#8221;inherit&#8221; column_padding_phone=&#8221;inherit&#8221; column_padding_position=&#8221;all&#8221; column_element_direction_desktop=&#8221;default&#8221; column_element_spacing=&#8221;default&#8221; desktop_text_alignment=&#8221;default&#8221; tablet_text_alignment=&#8221;default&#8221; phone_text_alignment=&#8221;default&#8221; background_color_opacity=&#8221;1&#8243; background_hover_color_opacity=&#8221;1&#8243;...","og_url":"http:\/\/kapusta.etnomuzeum.pl\/?page_id=727&lang=en","og_site_name":"Muzeum Etnograficzne im. Marii Znamierowskiej-Prufferowej w Toruniu.","article_modified_time":"2024-11-26T20:03:29+00:00","twitter_card":"summary_large_image","twitter_misc":{"Est. reading time":"3 minutes"},"schema":{"@context":"https:\/\/schema.org","@graph":[{"@type":"WebPage","@id":"http:\/\/kapusta.etnomuzeum.pl\/?page_id=727&lang=en","url":"http:\/\/kapusta.etnomuzeum.pl\/?page_id=727&lang=en","name":"Literature - Muzeum Etnograficzne im. Marii Znamierowskiej-Prufferowej w Toruniu.","isPartOf":{"@id":"http:\/\/kapusta.etnomuzeum.pl\/#website"},"datePublished":"2024-11-18T22:01:58+00:00","dateModified":"2024-11-26T20:03:29+00:00","breadcrumb":{"@id":"http:\/\/kapusta.etnomuzeum.pl\/?page_id=727&lang=en#breadcrumb"},"inLanguage":"en-US","potentialAction":[{"@type":"ReadAction","target":["http:\/\/kapusta.etnomuzeum.pl\/?page_id=727&lang=en"]}]},{"@type":"BreadcrumbList","@id":"http:\/\/kapusta.etnomuzeum.pl\/?page_id=727&lang=en#breadcrumb","itemListElement":[{"@type":"ListItem","position":1,"name":"Home","item":"http:\/\/kapusta.etnomuzeum.pl\/"},{"@type":"ListItem","position":2,"name":"Literature"}]},{"@type":"WebSite","@id":"http:\/\/kapusta.etnomuzeum.pl\/#website","url":"http:\/\/kapusta.etnomuzeum.pl\/","name":"Muzeum Etnograficzne im. Marii Znamierowskiej-Prufferowej w Toruniu.","description":"Dziedzictwo Niematerialne\/ Ulotne tradycje","potentialAction":[{"@type":"SearchAction","target":{"@type":"EntryPoint","urlTemplate":"http:\/\/kapusta.etnomuzeum.pl\/?s={search_term_string}"},"query-input":{"@type":"PropertyValueSpecification","valueRequired":true,"valueName":"search_term_string"}}],"inLanguage":"en-US"}]}},"_links":{"self":[{"href":"http:\/\/kapusta.etnomuzeum.pl\/index.php?rest_route=\/wp\/v2\/pages\/727","targetHints":{"allow":["GET"]}}],"collection":[{"href":"http:\/\/kapusta.etnomuzeum.pl\/index.php?rest_route=\/wp\/v2\/pages"}],"about":[{"href":"http:\/\/kapusta.etnomuzeum.pl\/index.php?rest_route=\/wp\/v2\/types\/page"}],"author":[{"embeddable":true,"href":"http:\/\/kapusta.etnomuzeum.pl\/index.php?rest_route=\/wp\/v2\/users\/1"}],"replies":[{"embeddable":true,"href":"http:\/\/kapusta.etnomuzeum.pl\/index.php?rest_route=%2Fwp%2Fv2%2Fcomments&post=727"}],"version-history":[{"count":6,"href":"http:\/\/kapusta.etnomuzeum.pl\/index.php?rest_route=\/wp\/v2\/pages\/727\/revisions"}],"predecessor-version":[{"id":1006,"href":"http:\/\/kapusta.etnomuzeum.pl\/index.php?rest_route=\/wp\/v2\/pages\/727\/revisions\/1006"}],"wp:attachment":[{"href":"http:\/\/kapusta.etnomuzeum.pl\/index.php?rest_route=%2Fwp%2Fv2%2Fmedia&parent=727"}],"curies":[{"name":"wp","href":"https:\/\/api.w.org\/{rel}","templated":true}]}}