{"id":571,"date":"2024-11-10T20:43:17","date_gmt":"2024-11-10T19:43:17","guid":{"rendered":"http:\/\/kapusta.etnomuzeum.pl\/?page_id=571"},"modified":"2024-12-04T16:39:50","modified_gmt":"2024-12-04T15:39:50","slug":"autorzy","status":"publish","type":"page","link":"http:\/\/kapusta.etnomuzeum.pl\/?page_id=571","title":{"rendered":"autorzy"},"content":{"rendered":"[vc_row type=&#8221;full_width_content&#8221; full_screen_row_position=&#8221;middle&#8221; column_margin=&#8221;default&#8221; column_direction=&#8221;default&#8221; column_direction_tablet=&#8221;default&#8221; column_direction_phone=&#8221;default&#8221; scene_position=&#8221;center&#8221; text_color=&#8221;dark&#8221; text_align=&#8221;left&#8221; row_border_radius=&#8221;none&#8221; row_border_radius_applies=&#8221;bg&#8221; overflow=&#8221;visible&#8221; overlay_strength=&#8221;0.3&#8243; gradient_direction=&#8221;left_to_right&#8221; shape_divider_position=&#8221;bottom&#8221; bg_image_animation=&#8221;none&#8221; gradient_type=&#8221;default&#8221; shape_type=&#8221;&#8221;][vc_column column_padding=&#8221;no-extra-padding&#8221; column_padding_tablet=&#8221;inherit&#8221; column_padding_phone=&#8221;inherit&#8221; column_padding_position=&#8221;all&#8221; column_element_direction_desktop=&#8221;default&#8221; column_element_spacing=&#8221;default&#8221; desktop_text_alignment=&#8221;default&#8221; tablet_text_alignment=&#8221;default&#8221; phone_text_alignment=&#8221;default&#8221; background_color_opacity=&#8221;1&#8243; background_hover_color_opacity=&#8221;1&#8243; column_backdrop_filter=&#8221;none&#8221; column_shadow=&#8221;none&#8221; column_border_radius=&#8221;none&#8221; column_link_target=&#8221;_self&#8221; column_position=&#8221;default&#8221; gradient_direction=&#8221;left_to_right&#8221; overlay_strength=&#8221;0.3&#8243; width=&#8221;1\/1&#8243; tablet_width_inherit=&#8221;default&#8221; animation_type=&#8221;default&#8221; bg_image_animation=&#8221;none&#8221; border_type=&#8221;simple&#8221; column_border_width=&#8221;none&#8221; column_border_style=&#8221;solid&#8221;][image_with_animation image_url=&#8221;889&#8243; image_size=&#8221;full&#8221; animation_type=&#8221;entrance&#8221; animation=&#8221;None&#8221; animation_movement_type=&#8221;transform_y&#8221; hover_animation=&#8221;none&#8221; alignment=&#8221;&#8221; border_radius=&#8221;none&#8221; box_shadow=&#8221;none&#8221; image_loading=&#8221;default&#8221; max_width=&#8221;100%&#8221; max_width_mobile=&#8221;default&#8221;][\/vc_column][\/vc_row][vc_row type=&#8221;full_width_background&#8221; full_screen_row_position=&#8221;middle&#8221; column_margin=&#8221;default&#8221; column_direction=&#8221;default&#8221; column_direction_tablet=&#8221;default&#8221; column_direction_phone=&#8221;default&#8221; bg_image=&#8221;558&#8243; bg_position=&#8221;center top&#8221; background_image_loading=&#8221;default&#8221; bg_repeat=&#8221;repeat&#8221; scene_position=&#8221;center&#8221; text_color=&#8221;dark&#8221; text_align=&#8221;left&#8221; row_border_radius=&#8221;none&#8221; row_border_radius_applies=&#8221;bg&#8221; overflow=&#8221;visible&#8221; overlay_strength=&#8221;0.3&#8243; gradient_direction=&#8221;left_to_right&#8221; shape_divider_position=&#8221;bottom&#8221; bg_image_animation=&#8221;none&#8221; gradient_type=&#8221;default&#8221; shape_type=&#8221;&#8221;][vc_column column_padding=&#8221;padding-10-percent&#8221; column_padding_tablet=&#8221;inherit&#8221; column_padding_phone=&#8221;inherit&#8221; column_padding_position=&#8221;left-right&#8221; column_element_direction_desktop=&#8221;default&#8221; column_element_spacing=&#8221;default&#8221; desktop_text_alignment=&#8221;default&#8221; tablet_text_alignment=&#8221;default&#8221; phone_text_alignment=&#8221;default&#8221; background_color_opacity=&#8221;1&#8243; background_hover_color_opacity=&#8221;1&#8243; column_backdrop_filter=&#8221;none&#8221; column_shadow=&#8221;none&#8221; column_border_radius=&#8221;none&#8221; column_link_target=&#8221;_self&#8221; column_position=&#8221;default&#8221; gradient_direction=&#8221;left_to_right&#8221; overlay_strength=&#8221;0.3&#8243; width=&#8221;1\/1&#8243; tablet_width_inherit=&#8221;default&#8221; animation_type=&#8221;default&#8221; bg_image_animation=&#8221;none&#8221; border_type=&#8221;simple&#8221; column_border_width=&#8221;none&#8221; column_border_style=&#8221;solid&#8221; column_padding_type=&#8221;default&#8221; gradient_type=&#8221;default&#8221;][divider line_type=&#8221;No Line&#8221; custom_height=&#8221;40&#8243;][vc_column_text css=&#8221;&#8221; text_direction=&#8221;default&#8221;]\n<h3 class=\"p1\" style=\"text-align: center;\"><span style=\"color: #e71158;\">Autorzy<\/span><\/h3>\n[\/vc_column_text][divider line_type=&#8221;No Line&#8221; custom_height=&#8221;10&#8243;][vc_column_text css=&#8221;&#8221; text_direction=&#8221;default&#8221;]\n<p class=\"p1\" style=\"text-align: center;\">Koncepcja, teksty, wyb\u00f3r przepis\u00f3w kulinarnych: Gra\u017cyna Szel\u0105gowska<br \/>\nRedakcja: Hubert Czachowski, Justyna S\u0142omska-Nowak<br \/>\nOpracowanie graficzne: Wojciech Kiwi Jaroszewski<br \/>\nRealizacja:<b> <\/b>Przemys\u0142aw Bielawowski<br \/>\nT\u0142umaczenia na j\u0119zyk angielski: Anna Szczerbiak<\/p>\n<p class=\"p1\" style=\"text-align: center;\">Fotografie, skany, ryciny i film z Archiwum Muzeum Etnograficznego im. Marii Znamierowskiej-Pr\u00fcfferowej w Toruniu, Narodowego Muzeum Rolnictwa i Przemys\u0142u Rolno-Spo\u017cywczego w Szreniawie, Gminnego O\u015brodka Kultury w Unis\u0142awiu, Muzeum Ziemi Che\u0142mi\u0144skiej w Che\u0142mnie, a tak\u017ce z archiwum os\u00f3b prywatnych.<\/p>\n<p class=\"p1\" style=\"text-align: center;\">Nagranie przedstawienia pt. <i>Kiszenie kapusty na Kujawach<\/i>, monta\u017c i napisy: Bartosz Filipczyk<br \/>\nWyst\u0105pili cz\u0142onkowie zespo\u0142\u00f3w: \u201e\u015ami\u0142owi\u00f3nki\u201d i \u201eZiemia Kujawska\u201d w sk\u0142adzie:<br \/>\nDanuta Antczak, Zenobia Antczak, Bo\u017cena Biegniewska, Bogumi\u0142a Grabkowska, Adrian Grabowski, Maria Herman, Danuta Kaczmarek, Jadwiga Kierzkowska, Mi\u0142osz Kierzkowski, W\u0142odzimierz Kierzkowski, Marcel Kruszka, Mariusz Kruszka, Alan Lewandowski, Aleksandra \u0141ukaszewicz, Anna \u0141ukaszewicz, Cecylia Nawrocka, Danuta Nowicka, Maciej Rutkowski, Alicja S\u0142upska, Wiktor S\u0142upski, W\u0142odzimierz Stokfisz, Edwina \u015awi\u0105tecka, Stanis\u0142aw \u015awi\u0105tecki, Barbara Wilczy\u0144ska<br \/>\nRe\u017cyseria: Julia Skowro\u0144ska<br \/>\nScenariusz: Julia Skowro\u0144ska<br \/>\nMonolog o Ma\u0144ce: Barbara Wilczy\u0144ska<br \/>\nChoreografia: Julia Skowro\u0144ska<br \/>\nOpracowanie muzyczne: Mi\u0142osz Kierzkowski<br \/>\nScenografia: cz\u0142onkowie zespo\u0142u ,,\u015ami\u0142owi\u00f3nki\u201d<br \/>\nFilm zrealizowano w Choce\u0144skim Centrum Kultury &#8211; Biblioteka<\/p>\n<p style=\"text-align: center;\">Autorzy zdj\u0119\u0107: Marian Kosicki, Damian Wi\u00f3rek, Piotr Pietrzak, Adam Zakrzewski<br \/>\nZdj\u0119cia wykonano na polach uprawnych S\u0142awomira Dymona<br \/>\nw Brukach Unis\u0142awskich i Zbigniewa Dziedzica w Brukach Kokockich<\/p>\n<p class=\"p1\" style=\"text-align: center;\">Muzeum Etnograficzne im. Marii Znamierowskiej-Pr\u00fcfferowej w Toruniu sk\u0142ada serdeczne podzi\u0119kowania za pomoc w realizacji projektu: Arielowi Malinowskiemu, dyrektorowi Choce\u0144skiego Domu Kultury &#8211; Biblioteki w Choceniu; Paw\u0142owi Marwitzowi, dyrektorowi Gminnego O\u015brodka Kultury w Unis\u0142awiu;<br \/>\nS\u0142awomirowi Dymonowi z Bruk\u00f3w Unis\u0142awskich, Zbigniewowi Dziedzicowi z Bruk\u00f3w Kokockich, Annie Grzesznej-Kozikowskiej i Annie Soborskiej-Zieli\u0144skiej z Muzeum Ziemi Che\u0142mi\u0144skiej w Che\u0142mnie, jak r\u00f3wnie\u017c Danucie Kaczmarek, Mi\u0142oszowi Kierzkowskiemu, Julii Skowro\u0144skiej, Barbarze Wilczy\u0144skiej oraz wszystkim<span class=\"Apple-converted-space\">\u00a0 <\/span>pozosta\u0142ym cz\u0142onkom zespo\u0142\u00f3w \u201e\u015ami\u0142owi\u00f3nki\u201d i \u201eZiemia Kujawska\u201d<br \/>\nza przygotowanie przedstawienia <i>Kiszenie kapusty na Kujawach <\/i>do nagrania<i>.<\/i><\/p>\n[\/vc_column_text][divider line_type=&#8221;No Line&#8221; custom_height=&#8221;150&#8243;][\/vc_column][\/vc_row]\n","protected":false},"excerpt":{"rendered":"<p>[vc_row type=&#8221;full_width_content&#8221; full_screen_row_position=&#8221;middle&#8221; column_margin=&#8221;default&#8221; column_direction=&#8221;default&#8221; column_direction_tablet=&#8221;default&#8221; column_direction_phone=&#8221;default&#8221; scene_position=&#8221;center&#8221; text_color=&#8221;dark&#8221; text_align=&#8221;left&#8221; row_border_radius=&#8221;none&#8221; row_border_radius_applies=&#8221;bg&#8221; overflow=&#8221;visible&#8221; overlay_strength=&#8221;0.3&#8243; gradient_direction=&#8221;left_to_right&#8221; shape_divider_position=&#8221;bottom&#8221; bg_image_animation=&#8221;none&#8221; gradient_type=&#8221;default&#8221; shape_type=&#8221;&#8221;][vc_column column_padding=&#8221;no-extra-padding&#8221; column_padding_tablet=&#8221;inherit&#8221; column_padding_phone=&#8221;inherit&#8221; column_padding_position=&#8221;all&#8221; column_element_direction_desktop=&#8221;default&#8221; column_element_spacing=&#8221;default&#8221; desktop_text_alignment=&#8221;default&#8221; tablet_text_alignment=&#8221;default&#8221; phone_text_alignment=&#8221;default&#8221; background_color_opacity=&#8221;1&#8243; background_hover_color_opacity=&#8221;1&#8243;&#8230;<\/p>\n","protected":false},"author":1,"featured_media":0,"parent":0,"menu_order":0,"comment_status":"closed","ping_status":"closed","template":"","meta":{"footnotes":""},"class_list":["post-571","page","type-page","status-publish"],"yoast_head":"<!-- This site is optimized with the Yoast SEO plugin v23.7 - https:\/\/yoast.com\/wordpress\/plugins\/seo\/ -->\n<title>autorzy - Muzeum Etnograficzne im. Marii Znamierowskiej-Prufferowej w Toruniu.<\/title>\n<meta name=\"robots\" content=\"index, follow, max-snippet:-1, max-image-preview:large, max-video-preview:-1\" \/>\n<link rel=\"canonical\" href=\"http:\/\/kapusta.etnomuzeum.pl\/?page_id=571\" \/>\n<meta property=\"og:locale\" content=\"en_US\" \/>\n<meta property=\"og:type\" content=\"article\" \/>\n<meta property=\"og:title\" content=\"autorzy - Muzeum Etnograficzne im. Marii Znamierowskiej-Prufferowej w Toruniu.\" \/>\n<meta property=\"og:description\" content=\"[vc_row type=&#8221;full_width_content&#8221; full_screen_row_position=&#8221;middle&#8221; column_margin=&#8221;default&#8221; column_direction=&#8221;default&#8221; column_direction_tablet=&#8221;default&#8221; column_direction_phone=&#8221;default&#8221; scene_position=&#8221;center&#8221; text_color=&#8221;dark&#8221; text_align=&#8221;left&#8221; row_border_radius=&#8221;none&#8221; row_border_radius_applies=&#8221;bg&#8221; overflow=&#8221;visible&#8221; overlay_strength=&#8221;0.3&#8243; gradient_direction=&#8221;left_to_right&#8221; shape_divider_position=&#8221;bottom&#8221; bg_image_animation=&#8221;none&#8221; gradient_type=&#8221;default&#8221; shape_type=&#8221;&#8221;][vc_column column_padding=&#8221;no-extra-padding&#8221; column_padding_tablet=&#8221;inherit&#8221; column_padding_phone=&#8221;inherit&#8221; column_padding_position=&#8221;all&#8221; column_element_direction_desktop=&#8221;default&#8221; column_element_spacing=&#8221;default&#8221; desktop_text_alignment=&#8221;default&#8221; tablet_text_alignment=&#8221;default&#8221; phone_text_alignment=&#8221;default&#8221; background_color_opacity=&#8221;1&#8243; background_hover_color_opacity=&#8221;1&#8243;...\" \/>\n<meta property=\"og:url\" content=\"http:\/\/kapusta.etnomuzeum.pl\/?page_id=571\" \/>\n<meta property=\"og:site_name\" content=\"Muzeum Etnograficzne im. Marii Znamierowskiej-Prufferowej w Toruniu.\" \/>\n<meta property=\"article:modified_time\" content=\"2024-12-04T15:39:50+00:00\" \/>\n<meta name=\"twitter:card\" content=\"summary_large_image\" \/>\n<meta name=\"twitter:label1\" content=\"Est. reading time\" \/>\n\t<meta name=\"twitter:data1\" content=\"3 minutes\" \/>\n<script type=\"application\/ld+json\" class=\"yoast-schema-graph\">{\"@context\":\"https:\/\/schema.org\",\"@graph\":[{\"@type\":\"WebPage\",\"@id\":\"http:\/\/kapusta.etnomuzeum.pl\/?page_id=571\",\"url\":\"http:\/\/kapusta.etnomuzeum.pl\/?page_id=571\",\"name\":\"autorzy - Muzeum Etnograficzne im. Marii Znamierowskiej-Prufferowej w Toruniu.\",\"isPartOf\":{\"@id\":\"http:\/\/kapusta.etnomuzeum.pl\/#website\"},\"datePublished\":\"2024-11-10T19:43:17+00:00\",\"dateModified\":\"2024-12-04T15:39:50+00:00\",\"breadcrumb\":{\"@id\":\"http:\/\/kapusta.etnomuzeum.pl\/?page_id=571#breadcrumb\"},\"inLanguage\":\"en-US\",\"potentialAction\":[{\"@type\":\"ReadAction\",\"target\":[\"http:\/\/kapusta.etnomuzeum.pl\/?page_id=571\"]}]},{\"@type\":\"BreadcrumbList\",\"@id\":\"http:\/\/kapusta.etnomuzeum.pl\/?page_id=571#breadcrumb\",\"itemListElement\":[{\"@type\":\"ListItem\",\"position\":1,\"name\":\"Home\",\"item\":\"http:\/\/kapusta.etnomuzeum.pl\/\"},{\"@type\":\"ListItem\",\"position\":2,\"name\":\"autorzy\"}]},{\"@type\":\"WebSite\",\"@id\":\"http:\/\/kapusta.etnomuzeum.pl\/#website\",\"url\":\"http:\/\/kapusta.etnomuzeum.pl\/\",\"name\":\"Muzeum Etnograficzne im. Marii Znamierowskiej-Prufferowej w Toruniu.\",\"description\":\"Dziedzictwo Niematerialne\/ Ulotne tradycje\",\"potentialAction\":[{\"@type\":\"SearchAction\",\"target\":{\"@type\":\"EntryPoint\",\"urlTemplate\":\"http:\/\/kapusta.etnomuzeum.pl\/?s={search_term_string}\"},\"query-input\":{\"@type\":\"PropertyValueSpecification\",\"valueRequired\":true,\"valueName\":\"search_term_string\"}}],\"inLanguage\":\"en-US\"}]}<\/script>\n<!-- \/ Yoast SEO plugin. -->","yoast_head_json":{"title":"autorzy - Muzeum Etnograficzne im. Marii Znamierowskiej-Prufferowej w Toruniu.","robots":{"index":"index","follow":"follow","max-snippet":"max-snippet:-1","max-image-preview":"max-image-preview:large","max-video-preview":"max-video-preview:-1"},"canonical":"http:\/\/kapusta.etnomuzeum.pl\/?page_id=571","og_locale":"en_US","og_type":"article","og_title":"autorzy - Muzeum Etnograficzne im. Marii Znamierowskiej-Prufferowej w Toruniu.","og_description":"[vc_row type=&#8221;full_width_content&#8221; full_screen_row_position=&#8221;middle&#8221; column_margin=&#8221;default&#8221; column_direction=&#8221;default&#8221; column_direction_tablet=&#8221;default&#8221; column_direction_phone=&#8221;default&#8221; scene_position=&#8221;center&#8221; text_color=&#8221;dark&#8221; text_align=&#8221;left&#8221; row_border_radius=&#8221;none&#8221; row_border_radius_applies=&#8221;bg&#8221; overflow=&#8221;visible&#8221; overlay_strength=&#8221;0.3&#8243; gradient_direction=&#8221;left_to_right&#8221; shape_divider_position=&#8221;bottom&#8221; bg_image_animation=&#8221;none&#8221; gradient_type=&#8221;default&#8221; shape_type=&#8221;&#8221;][vc_column column_padding=&#8221;no-extra-padding&#8221; column_padding_tablet=&#8221;inherit&#8221; column_padding_phone=&#8221;inherit&#8221; column_padding_position=&#8221;all&#8221; column_element_direction_desktop=&#8221;default&#8221; column_element_spacing=&#8221;default&#8221; desktop_text_alignment=&#8221;default&#8221; tablet_text_alignment=&#8221;default&#8221; phone_text_alignment=&#8221;default&#8221; background_color_opacity=&#8221;1&#8243; background_hover_color_opacity=&#8221;1&#8243;...","og_url":"http:\/\/kapusta.etnomuzeum.pl\/?page_id=571","og_site_name":"Muzeum Etnograficzne im. Marii Znamierowskiej-Prufferowej w Toruniu.","article_modified_time":"2024-12-04T15:39:50+00:00","twitter_card":"summary_large_image","twitter_misc":{"Est. reading time":"3 minutes"},"schema":{"@context":"https:\/\/schema.org","@graph":[{"@type":"WebPage","@id":"http:\/\/kapusta.etnomuzeum.pl\/?page_id=571","url":"http:\/\/kapusta.etnomuzeum.pl\/?page_id=571","name":"autorzy - Muzeum Etnograficzne im. Marii Znamierowskiej-Prufferowej w Toruniu.","isPartOf":{"@id":"http:\/\/kapusta.etnomuzeum.pl\/#website"},"datePublished":"2024-11-10T19:43:17+00:00","dateModified":"2024-12-04T15:39:50+00:00","breadcrumb":{"@id":"http:\/\/kapusta.etnomuzeum.pl\/?page_id=571#breadcrumb"},"inLanguage":"en-US","potentialAction":[{"@type":"ReadAction","target":["http:\/\/kapusta.etnomuzeum.pl\/?page_id=571"]}]},{"@type":"BreadcrumbList","@id":"http:\/\/kapusta.etnomuzeum.pl\/?page_id=571#breadcrumb","itemListElement":[{"@type":"ListItem","position":1,"name":"Home","item":"http:\/\/kapusta.etnomuzeum.pl\/"},{"@type":"ListItem","position":2,"name":"autorzy"}]},{"@type":"WebSite","@id":"http:\/\/kapusta.etnomuzeum.pl\/#website","url":"http:\/\/kapusta.etnomuzeum.pl\/","name":"Muzeum Etnograficzne im. Marii Znamierowskiej-Prufferowej w Toruniu.","description":"Dziedzictwo Niematerialne\/ Ulotne tradycje","potentialAction":[{"@type":"SearchAction","target":{"@type":"EntryPoint","urlTemplate":"http:\/\/kapusta.etnomuzeum.pl\/?s={search_term_string}"},"query-input":{"@type":"PropertyValueSpecification","valueRequired":true,"valueName":"search_term_string"}}],"inLanguage":"en-US"}]}},"_links":{"self":[{"href":"http:\/\/kapusta.etnomuzeum.pl\/index.php?rest_route=\/wp\/v2\/pages\/571","targetHints":{"allow":["GET"]}}],"collection":[{"href":"http:\/\/kapusta.etnomuzeum.pl\/index.php?rest_route=\/wp\/v2\/pages"}],"about":[{"href":"http:\/\/kapusta.etnomuzeum.pl\/index.php?rest_route=\/wp\/v2\/types\/page"}],"author":[{"embeddable":true,"href":"http:\/\/kapusta.etnomuzeum.pl\/index.php?rest_route=\/wp\/v2\/users\/1"}],"replies":[{"embeddable":true,"href":"http:\/\/kapusta.etnomuzeum.pl\/index.php?rest_route=%2Fwp%2Fv2%2Fcomments&post=571"}],"version-history":[{"count":17,"href":"http:\/\/kapusta.etnomuzeum.pl\/index.php?rest_route=\/wp\/v2\/pages\/571\/revisions"}],"predecessor-version":[{"id":1009,"href":"http:\/\/kapusta.etnomuzeum.pl\/index.php?rest_route=\/wp\/v2\/pages\/571\/revisions\/1009"}],"wp:attachment":[{"href":"http:\/\/kapusta.etnomuzeum.pl\/index.php?rest_route=%2Fwp%2Fv2%2Fmedia&parent=571"}],"curies":[{"name":"wp","href":"https:\/\/api.w.org\/{rel}","templated":true}]}}